{"id":1029,"date":"2024-06-11T20:07:06","date_gmt":"2024-06-11T18:07:06","guid":{"rendered":"https:\/\/neogrid.com\/es\/?page_id=1029"},"modified":"2025-12-09T21:03:50","modified_gmt":"2025-12-09T20:03:50","slug":"gestion-de-promociones-en-el-retail","status":"publish","type":"page","link":"https:\/\/neogrid.com\/es\/gestion-de-promociones-en-el-retail\/","title":{"rendered":"Gesti\u00f3n de promociones en el retail"},"content":{"rendered":"\n<p>Simplifique el proceso de gesti\u00f3n promocional y trade de su negocio minorista, asegurando la organizaci\u00f3n y automatizaci\u00f3n de todo el flujo promocional y potenciando sus ganancias financieras con el aumento de margen.<\/p>\n","protected":false},"excerpt":{"rendered":"<p>Simplifique el proceso de gesti\u00f3n promocional y trade de su negocio minorista, asegurando la organizaci\u00f3n y automatizaci\u00f3n de todo el [&hellip;]<\/p>\n","protected":false},"author":10,"featured_media":475,"parent":0,"menu_order":0,"comment_status":"closed","ping_status":"closed","template":"page-produtos.php","meta":{"footnotes":""},"acf":[],"yoast_head":"<!-- This site is optimized with the Yoast SEO plugin v24.4 - https:\/\/yoast.com\/wordpress\/plugins\/seo\/ -->\n<title>Smarket | Gesti\u00f3n de promociones en el retail<\/title>\n<meta name=\"description\" content=\"Soluci\u00f3n online de fijaci\u00f3n de precios que utiliza inteligencia artificial, machine learning y big data analytics para maximizar el lucro de las empresas.\" \/>\n<meta name=\"robots\" content=\"index, follow, max-snippet:-1, max-image-preview:large, max-video-preview:-1\" \/>\n<link rel=\"canonical\" href=\"https:\/\/neogrid.com\/es\/gestion-de-promociones-en-el-retail\/\" \/>\n<meta property=\"og:locale\" content=\"es_ES\" \/>\n<meta property=\"og:type\" content=\"article\" \/>\n<meta property=\"og:title\" content=\"Smarket | Gesti\u00f3n de promociones en el retail\" \/>\n<meta property=\"og:description\" content=\"Soluci\u00f3n online de fijaci\u00f3n de precios que utiliza inteligencia artificial, machine learning y big data analytics para maximizar el lucro de las empresas.\" \/>\n<meta property=\"og:url\" content=\"https:\/\/neogrid.com\/es\/gestion-de-promociones-en-el-retail\/\" \/>\n<meta property=\"og:site_name\" content=\"Neogrid\" \/>\n<meta property=\"article:modified_time\" content=\"2025-12-09T20:03:50+00:00\" \/>\n<meta name=\"twitter:card\" content=\"summary_large_image\" \/>\n<meta name=\"twitter:label1\" content=\"Tiempo de lectura\" \/>\n\t<meta name=\"twitter:data1\" content=\"1 minuto\" \/>\n<script type=\"application\/ld+json\" class=\"yoast-schema-graph\">{\"@context\":\"https:\/\/schema.org\",\"@graph\":[{\"@type\":\"WebPage\",\"@id\":\"https:\/\/neogrid.com\/es\/gestion-de-promociones-en-el-retail\/\",\"url\":\"https:\/\/neogrid.com\/es\/gestion-de-promociones-en-el-retail\/\",\"name\":\"Smarket | Gesti\u00f3n de promociones en el retail\",\"isPartOf\":{\"@id\":\"https:\/\/neogrid.com\/es\/#website\"},\"primaryImageOfPage\":{\"@id\":\"https:\/\/neogrid.com\/es\/gestion-de-promociones-en-el-retail\/#primaryimage\"},\"image\":{\"@id\":\"https:\/\/neogrid.com\/es\/gestion-de-promociones-en-el-retail\/#primaryimage\"},\"thumbnailUrl\":\"https:\/\/neogrid.com\/es\/wp-content\/uploads\/sites\/3\/2024\/03\/21fce419-640b-6ec8-1021-de496cb3bb7a-1110x581-1.png\",\"datePublished\":\"2024-06-11T18:07:06+00:00\",\"dateModified\":\"2025-12-09T20:03:50+00:00\",\"description\":\"Soluci\u00f3n online de fijaci\u00f3n de precios que utiliza inteligencia artificial, machine learning y big data analytics para maximizar el lucro de las empresas.\",\"breadcrumb\":{\"@id\":\"https:\/\/neogrid.com\/es\/gestion-de-promociones-en-el-retail\/#breadcrumb\"},\"inLanguage\":\"es\",\"potentialAction\":[{\"@type\":\"ReadAction\",\"target\":[\"https:\/\/neogrid.com\/es\/gestion-de-promociones-en-el-retail\/\"]}]},{\"@type\":\"ImageObject\",\"inLanguage\":\"es\",\"@id\":\"https:\/\/neogrid.com\/es\/gestion-de-promociones-en-el-retail\/#primaryimage\",\"url\":\"https:\/\/neogrid.com\/es\/wp-content\/uploads\/sites\/3\/2024\/03\/21fce419-640b-6ec8-1021-de496cb3bb7a-1110x581-1.png\",\"contentUrl\":\"https:\/\/neogrid.com\/es\/wp-content\/uploads\/sites\/3\/2024\/03\/21fce419-640b-6ec8-1021-de496cb3bb7a-1110x581-1.png\",\"width\":1110,\"height\":581},{\"@type\":\"BreadcrumbList\",\"@id\":\"https:\/\/neogrid.com\/es\/gestion-de-promociones-en-el-retail\/#breadcrumb\",\"itemListElement\":[{\"@type\":\"ListItem\",\"position\":1,\"name\":\"In\u00edcio\",\"item\":\"https:\/\/neogrid.com\/es\/\"},{\"@type\":\"ListItem\",\"position\":2,\"name\":\"Gesti\u00f3n de promociones en el retail\"}]},{\"@type\":\"WebSite\",\"@id\":\"https:\/\/neogrid.com\/es\/#website\",\"url\":\"https:\/\/neogrid.com\/es\/\",\"name\":\"Neogrid\",\"description\":\"Soluciones integrales para la gesti\u00f3n de su empresa\",\"potentialAction\":[{\"@type\":\"SearchAction\",\"target\":{\"@type\":\"EntryPoint\",\"urlTemplate\":\"https:\/\/neogrid.com\/es\/?s={search_term_string}\"},\"query-input\":{\"@type\":\"PropertyValueSpecification\",\"valueRequired\":true,\"valueName\":\"search_term_string\"}}],\"inLanguage\":\"es\"}]}<\/script>\n<!-- \/ Yoast SEO plugin. -->","yoast_head_json":{"title":"Smarket | Gesti\u00f3n de promociones en el retail","description":"Soluci\u00f3n online de fijaci\u00f3n de precios que utiliza inteligencia artificial, machine learning y big data analytics para maximizar el lucro de las empresas.","robots":{"index":"index","follow":"follow","max-snippet":"max-snippet:-1","max-image-preview":"max-image-preview:large","max-video-preview":"max-video-preview:-1"},"canonical":"https:\/\/neogrid.com\/es\/gestion-de-promociones-en-el-retail\/","og_locale":"es_ES","og_type":"article","og_title":"Smarket | Gesti\u00f3n de promociones en el retail","og_description":"Soluci\u00f3n online de fijaci\u00f3n de precios que utiliza inteligencia artificial, machine learning y big data analytics para maximizar el lucro de las empresas.","og_url":"https:\/\/neogrid.com\/es\/gestion-de-promociones-en-el-retail\/","og_site_name":"Neogrid","article_modified_time":"2025-12-09T20:03:50+00:00","twitter_card":"summary_large_image","twitter_misc":{"Tiempo de lectura":"1 minuto"},"schema":{"@context":"https:\/\/schema.org","@graph":[{"@type":"WebPage","@id":"https:\/\/neogrid.com\/es\/gestion-de-promociones-en-el-retail\/","url":"https:\/\/neogrid.com\/es\/gestion-de-promociones-en-el-retail\/","name":"Smarket | Gesti\u00f3n de promociones en el retail","isPartOf":{"@id":"https:\/\/neogrid.com\/es\/#website"},"primaryImageOfPage":{"@id":"https:\/\/neogrid.com\/es\/gestion-de-promociones-en-el-retail\/#primaryimage"},"image":{"@id":"https:\/\/neogrid.com\/es\/gestion-de-promociones-en-el-retail\/#primaryimage"},"thumbnailUrl":"https:\/\/neogrid.com\/es\/wp-content\/uploads\/sites\/3\/2024\/03\/21fce419-640b-6ec8-1021-de496cb3bb7a-1110x581-1.png","datePublished":"2024-06-11T18:07:06+00:00","dateModified":"2025-12-09T20:03:50+00:00","description":"Soluci\u00f3n online de fijaci\u00f3n de precios que utiliza inteligencia artificial, machine learning y big data analytics para maximizar el lucro de las empresas.","breadcrumb":{"@id":"https:\/\/neogrid.com\/es\/gestion-de-promociones-en-el-retail\/#breadcrumb"},"inLanguage":"es","potentialAction":[{"@type":"ReadAction","target":["https:\/\/neogrid.com\/es\/gestion-de-promociones-en-el-retail\/"]}]},{"@type":"ImageObject","inLanguage":"es","@id":"https:\/\/neogrid.com\/es\/gestion-de-promociones-en-el-retail\/#primaryimage","url":"https:\/\/neogrid.com\/es\/wp-content\/uploads\/sites\/3\/2024\/03\/21fce419-640b-6ec8-1021-de496cb3bb7a-1110x581-1.png","contentUrl":"https:\/\/neogrid.com\/es\/wp-content\/uploads\/sites\/3\/2024\/03\/21fce419-640b-6ec8-1021-de496cb3bb7a-1110x581-1.png","width":1110,"height":581},{"@type":"BreadcrumbList","@id":"https:\/\/neogrid.com\/es\/gestion-de-promociones-en-el-retail\/#breadcrumb","itemListElement":[{"@type":"ListItem","position":1,"name":"In\u00edcio","item":"https:\/\/neogrid.com\/es\/"},{"@type":"ListItem","position":2,"name":"Gesti\u00f3n de promociones en el retail"}]},{"@type":"WebSite","@id":"https:\/\/neogrid.com\/es\/#website","url":"https:\/\/neogrid.com\/es\/","name":"Neogrid","description":"Soluciones integrales para la gesti\u00f3n de su empresa","potentialAction":[{"@type":"SearchAction","target":{"@type":"EntryPoint","urlTemplate":"https:\/\/neogrid.com\/es\/?s={search_term_string}"},"query-input":{"@type":"PropertyValueSpecification","valueRequired":true,"valueName":"search_term_string"}}],"inLanguage":"es"}]}},"_links":{"self":[{"href":"https:\/\/neogrid.com\/es\/wp-json\/wp\/v2\/pages\/1029"}],"collection":[{"href":"https:\/\/neogrid.com\/es\/wp-json\/wp\/v2\/pages"}],"about":[{"href":"https:\/\/neogrid.com\/es\/wp-json\/wp\/v2\/types\/page"}],"author":[{"embeddable":true,"href":"https:\/\/neogrid.com\/es\/wp-json\/wp\/v2\/users\/10"}],"replies":[{"embeddable":true,"href":"https:\/\/neogrid.com\/es\/wp-json\/wp\/v2\/comments?post=1029"}],"version-history":[{"count":6,"href":"https:\/\/neogrid.com\/es\/wp-json\/wp\/v2\/pages\/1029\/revisions"}],"predecessor-version":[{"id":1125,"href":"https:\/\/neogrid.com\/es\/wp-json\/wp\/v2\/pages\/1029\/revisions\/1125"}],"wp:featuredmedia":[{"embeddable":true,"href":"https:\/\/neogrid.com\/es\/wp-json\/wp\/v2\/media\/475"}],"wp:attachment":[{"href":"https:\/\/neogrid.com\/es\/wp-json\/wp\/v2\/media?parent=1029"}],"curies":[{"name":"wp","href":"https:\/\/api.w.org\/{rel}","templated":true}]}}