{"id":555,"date":"2024-03-27T21:21:21","date_gmt":"2024-03-27T20:21:21","guid":{"rendered":"https:\/\/neogrid.com\/es\/?page_id=555"},"modified":"2024-03-27T21:21:21","modified_gmt":"2024-03-27T20:21:21","slug":"blog","status":"publish","type":"page","link":"https:\/\/neogrid.com\/es\/blog\/","title":{"rendered":"Blog"},"content":{"rendered":"\n<p>Accede a nuestros libros electr\u00f3nicos, gu\u00edas, manuales y herramientas y encuentra todo sobre tecnolog\u00eda e inteligencia de datos para la cadena de suministro.<\/p>\n","protected":false},"excerpt":{"rendered":"<p>Accede a nuestros libros electr\u00f3nicos, gu\u00edas, manuales y herramientas y encuentra todo sobre tecnolog\u00eda e inteligencia de datos para la [&hellip;]<\/p>\n","protected":false},"author":1,"featured_media":475,"parent":0,"menu_order":0,"comment_status":"closed","ping_status":"closed","template":"page-blog.php","meta":{"footnotes":""},"acf":[],"yoast_head":"<!-- This site is optimized with the Yoast SEO plugin v24.4 - https:\/\/yoast.com\/wordpress\/plugins\/seo\/ -->\n<title>Blog - Neogrid<\/title>\n<meta name=\"robots\" content=\"index, follow, max-snippet:-1, max-image-preview:large, max-video-preview:-1\" \/>\n<link rel=\"canonical\" href=\"https:\/\/neogrid.com\/es\/blog\/\" \/>\n<meta property=\"og:locale\" content=\"es_ES\" \/>\n<meta property=\"og:type\" content=\"article\" \/>\n<meta property=\"og:title\" content=\"Blog - Neogrid\" \/>\n<meta property=\"og:description\" content=\"Accede a nuestros libros electr\u00f3nicos, gu\u00edas, manuales y herramientas y encuentra todo sobre tecnolog\u00eda e inteligencia de datos para la [&hellip;]\" \/>\n<meta property=\"og:url\" content=\"https:\/\/neogrid.com\/es\/blog\/\" \/>\n<meta property=\"og:site_name\" content=\"Neogrid\" \/>\n<meta name=\"twitter:card\" content=\"summary_large_image\" \/>\n<meta name=\"twitter:label1\" content=\"Tiempo de lectura\" \/>\n\t<meta name=\"twitter:data1\" content=\"1 minuto\" \/>\n<script type=\"application\/ld+json\" class=\"yoast-schema-graph\">{\"@context\":\"https:\/\/schema.org\",\"@graph\":[{\"@type\":\"WebPage\",\"@id\":\"https:\/\/neogrid.com\/es\/blog\/\",\"url\":\"https:\/\/neogrid.com\/es\/blog\/\",\"name\":\"Blog - Neogrid\",\"isPartOf\":{\"@id\":\"https:\/\/neogrid.com\/es\/#website\"},\"primaryImageOfPage\":{\"@id\":\"https:\/\/neogrid.com\/es\/blog\/#primaryimage\"},\"image\":{\"@id\":\"https:\/\/neogrid.com\/es\/blog\/#primaryimage\"},\"thumbnailUrl\":\"https:\/\/neogrid.com\/es\/wp-content\/uploads\/sites\/3\/2024\/03\/21fce419-640b-6ec8-1021-de496cb3bb7a-1110x581-1.png\",\"datePublished\":\"2024-03-27T20:21:21+00:00\",\"breadcrumb\":{\"@id\":\"https:\/\/neogrid.com\/es\/blog\/#breadcrumb\"},\"inLanguage\":\"es\",\"potentialAction\":[{\"@type\":\"ReadAction\",\"target\":[\"https:\/\/neogrid.com\/es\/blog\/\"]}]},{\"@type\":\"ImageObject\",\"inLanguage\":\"es\",\"@id\":\"https:\/\/neogrid.com\/es\/blog\/#primaryimage\",\"url\":\"https:\/\/neogrid.com\/es\/wp-content\/uploads\/sites\/3\/2024\/03\/21fce419-640b-6ec8-1021-de496cb3bb7a-1110x581-1.png\",\"contentUrl\":\"https:\/\/neogrid.com\/es\/wp-content\/uploads\/sites\/3\/2024\/03\/21fce419-640b-6ec8-1021-de496cb3bb7a-1110x581-1.png\",\"width\":1110,\"height\":581},{\"@type\":\"BreadcrumbList\",\"@id\":\"https:\/\/neogrid.com\/es\/blog\/#breadcrumb\",\"itemListElement\":[{\"@type\":\"ListItem\",\"position\":1,\"name\":\"In\u00edcio\",\"item\":\"https:\/\/neogrid.com\/es\/\"},{\"@type\":\"ListItem\",\"position\":2,\"name\":\"Blog\"}]},{\"@type\":\"WebSite\",\"@id\":\"https:\/\/neogrid.com\/es\/#website\",\"url\":\"https:\/\/neogrid.com\/es\/\",\"name\":\"Neogrid\",\"description\":\"Soluciones integrales para la gesti\u00f3n de su empresa\",\"potentialAction\":[{\"@type\":\"SearchAction\",\"target\":{\"@type\":\"EntryPoint\",\"urlTemplate\":\"https:\/\/neogrid.com\/es\/?s={search_term_string}\"},\"query-input\":{\"@type\":\"PropertyValueSpecification\",\"valueRequired\":true,\"valueName\":\"search_term_string\"}}],\"inLanguage\":\"es\"}]}<\/script>\n<!-- \/ Yoast SEO plugin. -->","yoast_head_json":{"title":"Blog - Neogrid","robots":{"index":"index","follow":"follow","max-snippet":"max-snippet:-1","max-image-preview":"max-image-preview:large","max-video-preview":"max-video-preview:-1"},"canonical":"https:\/\/neogrid.com\/es\/blog\/","og_locale":"es_ES","og_type":"article","og_title":"Blog - Neogrid","og_description":"Accede a nuestros libros electr\u00f3nicos, gu\u00edas, manuales y herramientas y encuentra todo sobre tecnolog\u00eda e inteligencia de datos para la [&hellip;]","og_url":"https:\/\/neogrid.com\/es\/blog\/","og_site_name":"Neogrid","twitter_card":"summary_large_image","twitter_misc":{"Tiempo de lectura":"1 minuto"},"schema":{"@context":"https:\/\/schema.org","@graph":[{"@type":"WebPage","@id":"https:\/\/neogrid.com\/es\/blog\/","url":"https:\/\/neogrid.com\/es\/blog\/","name":"Blog - Neogrid","isPartOf":{"@id":"https:\/\/neogrid.com\/es\/#website"},"primaryImageOfPage":{"@id":"https:\/\/neogrid.com\/es\/blog\/#primaryimage"},"image":{"@id":"https:\/\/neogrid.com\/es\/blog\/#primaryimage"},"thumbnailUrl":"https:\/\/neogrid.com\/es\/wp-content\/uploads\/sites\/3\/2024\/03\/21fce419-640b-6ec8-1021-de496cb3bb7a-1110x581-1.png","datePublished":"2024-03-27T20:21:21+00:00","breadcrumb":{"@id":"https:\/\/neogrid.com\/es\/blog\/#breadcrumb"},"inLanguage":"es","potentialAction":[{"@type":"ReadAction","target":["https:\/\/neogrid.com\/es\/blog\/"]}]},{"@type":"ImageObject","inLanguage":"es","@id":"https:\/\/neogrid.com\/es\/blog\/#primaryimage","url":"https:\/\/neogrid.com\/es\/wp-content\/uploads\/sites\/3\/2024\/03\/21fce419-640b-6ec8-1021-de496cb3bb7a-1110x581-1.png","contentUrl":"https:\/\/neogrid.com\/es\/wp-content\/uploads\/sites\/3\/2024\/03\/21fce419-640b-6ec8-1021-de496cb3bb7a-1110x581-1.png","width":1110,"height":581},{"@type":"BreadcrumbList","@id":"https:\/\/neogrid.com\/es\/blog\/#breadcrumb","itemListElement":[{"@type":"ListItem","position":1,"name":"In\u00edcio","item":"https:\/\/neogrid.com\/es\/"},{"@type":"ListItem","position":2,"name":"Blog"}]},{"@type":"WebSite","@id":"https:\/\/neogrid.com\/es\/#website","url":"https:\/\/neogrid.com\/es\/","name":"Neogrid","description":"Soluciones integrales para la gesti\u00f3n de su empresa","potentialAction":[{"@type":"SearchAction","target":{"@type":"EntryPoint","urlTemplate":"https:\/\/neogrid.com\/es\/?s={search_term_string}"},"query-input":{"@type":"PropertyValueSpecification","valueRequired":true,"valueName":"search_term_string"}}],"inLanguage":"es"}]}},"_links":{"self":[{"href":"https:\/\/neogrid.com\/es\/wp-json\/wp\/v2\/pages\/555"}],"collection":[{"href":"https:\/\/neogrid.com\/es\/wp-json\/wp\/v2\/pages"}],"about":[{"href":"https:\/\/neogrid.com\/es\/wp-json\/wp\/v2\/types\/page"}],"author":[{"embeddable":true,"href":"https:\/\/neogrid.com\/es\/wp-json\/wp\/v2\/users\/1"}],"replies":[{"embeddable":true,"href":"https:\/\/neogrid.com\/es\/wp-json\/wp\/v2\/comments?post=555"}],"version-history":[{"count":1,"href":"https:\/\/neogrid.com\/es\/wp-json\/wp\/v2\/pages\/555\/revisions"}],"predecessor-version":[{"id":556,"href":"https:\/\/neogrid.com\/es\/wp-json\/wp\/v2\/pages\/555\/revisions\/556"}],"wp:featuredmedia":[{"embeddable":true,"href":"https:\/\/neogrid.com\/es\/wp-json\/wp\/v2\/media\/475"}],"wp:attachment":[{"href":"https:\/\/neogrid.com\/es\/wp-json\/wp\/v2\/media?parent=555"}],"curies":[{"name":"wp","href":"https:\/\/api.w.org\/{rel}","templated":true}]}}