{"id":592,"date":"2024-03-27T23:41:25","date_gmt":"2024-03-27T22:41:25","guid":{"rendered":"https:\/\/neogrid.com\/es\/?page_id=592"},"modified":"2024-03-27T23:41:47","modified_gmt":"2024-03-27T22:41:47","slug":"politica-de-cookies","status":"publish","type":"page","link":"https:\/\/neogrid.com\/es\/politica-de-cookies\/","title":{"rendered":"Pol\u00edtica de Cookies"},"content":{"rendered":"\n<h2 class=\"wp-block-heading\"><strong>\u00bfNeogrid utiliza Cookies?<\/strong><\/h2>\n\n\n\n<p>S\u00ed. De acuerdo como se inform\u00f3 en la secci\u00f3n 1.6 de nuestra Pol\u00edtica de Privacidad, utilizamos cookies y otras tecnolog\u00edas para que los usuarios tengan la mejor experiencia posible en nuestros sistemas. Al visitar y utilizar nuestro sitio web, blog, productos y p\u00e1ginas relacionadas, usted est\u00e1 de acuerdo con el uso de cookies y tecnolog\u00edas similares.<\/p>\n\n\n\n<h2 class=\"wp-block-heading\"><strong>\u00bfQu\u00e9 son las Cookies?<\/strong><\/h2>\n\n\n\n<p>Una \u00abCookie\u00bb es un archivo enviado por el servidor de la plataforma a la computadora de los usuarios, con el fin de identificar la m\u00e1quina y obtener datos de acceso, como p\u00e1ginas navegadas o enlaces a los que acceden.<\/p>\n\n\n\n<p>La informaci\u00f3n recopilada de Cookies se utiliza actualmente para mejorar la funcionalidad de los sistemas Neogrid.<\/p>\n\n\n\n<p>Las cookies tambi\u00e9n son \u00fatiles para permitir un inicio de sesi\u00f3n de forma m\u00e1s simplificada, esto para los usuarios, preservando la informaci\u00f3n entre sesiones. Las cookies pueden ser parte integrante de la garant\u00eda de que la informaci\u00f3n proporcionada a los usuarios refleja sus preferencias, siendo m\u00e1s relevante a sus necesidades.<\/p>\n\n\n\n<h2 class=\"wp-block-heading\"><strong>Control de Cookies<\/strong><\/h2>\n\n\n\n<p>Es posible bloquear el uso de cookies a trav\u00e9s de las configuraciones de su navegador o por medio de pop-up de cookies disponible en todas las p\u00e1ginas de nuestro sitio web neogrid.com, en el primer acceso.<\/p>\n\n\n\n<figure class=\"wp-block-image size-full\"><img loading=\"lazy\" decoding=\"async\" width=\"919\" height=\"278\" src=\"http:\/\/neogrid.com\/es\/wp-content\/uploads\/sites\/3\/2024\/03\/controle_cookies_es.png\" alt=\"\" class=\"wp-image-593\" srcset=\"https:\/\/neogrid.com\/es\/wp-content\/uploads\/sites\/3\/2024\/03\/controle_cookies_es.png 919w, https:\/\/neogrid.com\/es\/wp-content\/uploads\/sites\/3\/2024\/03\/controle_cookies_es-300x91.png 300w, https:\/\/neogrid.com\/es\/wp-content\/uploads\/sites\/3\/2024\/03\/controle_cookies_es-768x232.png 768w\" sizes=\"(max-width: 919px) 100vw, 919px\" \/><\/figure>\n\n\n\n<p>En caso de que sea a partir del segundo acceso, es posible alterar las configuraciones en la secci\u00f3n&nbsp;<strong>\u00bfQu\u00e9 tipos de cookies utiliza Neogrid y para qu\u00e9 se las usa?<\/strong>&nbsp;en esta p\u00e1gina, en&nbsp;<strong>Alterar su consentimiento<\/strong>.<\/p>\n\n\n\n<p>Sin embargo, el bloqueo de cookies puede afectar el acceso a algunas o todas las \u00e1reas de nuestro sitio web.<\/p>\n","protected":false},"excerpt":{"rendered":"<p>\u00bfNeogrid utiliza Cookies? S\u00ed. De acuerdo como se inform\u00f3 en la secci\u00f3n 1.6 de nuestra Pol\u00edtica de Privacidad, utilizamos cookies [&hellip;]<\/p>\n","protected":false},"author":1,"featured_media":475,"parent":0,"menu_order":0,"comment_status":"closed","ping_status":"closed","template":"","meta":{"footnotes":""},"acf":[],"yoast_head":"<!-- This site is optimized with the Yoast SEO plugin v24.4 - https:\/\/yoast.com\/wordpress\/plugins\/seo\/ -->\n<title>Pol\u00edtica de Cookies - Neogrid<\/title>\n<meta name=\"robots\" content=\"index, follow, max-snippet:-1, max-image-preview:large, max-video-preview:-1\" \/>\n<link rel=\"canonical\" href=\"https:\/\/neogrid.com\/es\/politica-de-cookies\/\" \/>\n<meta property=\"og:locale\" content=\"es_ES\" \/>\n<meta property=\"og:type\" content=\"article\" \/>\n<meta property=\"og:title\" content=\"Pol\u00edtica de Cookies - Neogrid\" \/>\n<meta property=\"og:description\" content=\"\u00bfNeogrid utiliza Cookies? S\u00ed. De acuerdo como se inform\u00f3 en la secci\u00f3n 1.6 de nuestra Pol\u00edtica de Privacidad, utilizamos cookies [&hellip;]\" \/>\n<meta property=\"og:url\" content=\"https:\/\/neogrid.com\/es\/politica-de-cookies\/\" \/>\n<meta property=\"og:site_name\" content=\"Neogrid\" \/>\n<meta property=\"article:modified_time\" content=\"2024-03-27T22:41:47+00:00\" \/>\n<meta property=\"og:image\" content=\"http:\/\/neogrid.com\/es\/wp-content\/uploads\/sites\/3\/2024\/03\/controle_cookies_es.png\" \/>\n<meta name=\"twitter:card\" content=\"summary_large_image\" \/>\n<meta name=\"twitter:label1\" content=\"Tiempo de lectura\" \/>\n\t<meta name=\"twitter:data1\" content=\"2 minutos\" \/>\n<script type=\"application\/ld+json\" class=\"yoast-schema-graph\">{\"@context\":\"https:\/\/schema.org\",\"@graph\":[{\"@type\":\"WebPage\",\"@id\":\"https:\/\/neogrid.com\/es\/politica-de-cookies\/\",\"url\":\"https:\/\/neogrid.com\/es\/politica-de-cookies\/\",\"name\":\"Pol\u00edtica de Cookies - Neogrid\",\"isPartOf\":{\"@id\":\"https:\/\/neogrid.com\/es\/#website\"},\"primaryImageOfPage\":{\"@id\":\"https:\/\/neogrid.com\/es\/politica-de-cookies\/#primaryimage\"},\"image\":{\"@id\":\"https:\/\/neogrid.com\/es\/politica-de-cookies\/#primaryimage\"},\"thumbnailUrl\":\"https:\/\/neogrid.com\/es\/wp-content\/uploads\/sites\/3\/2024\/03\/21fce419-640b-6ec8-1021-de496cb3bb7a-1110x581-1.png\",\"datePublished\":\"2024-03-27T22:41:25+00:00\",\"dateModified\":\"2024-03-27T22:41:47+00:00\",\"breadcrumb\":{\"@id\":\"https:\/\/neogrid.com\/es\/politica-de-cookies\/#breadcrumb\"},\"inLanguage\":\"es\",\"potentialAction\":[{\"@type\":\"ReadAction\",\"target\":[\"https:\/\/neogrid.com\/es\/politica-de-cookies\/\"]}]},{\"@type\":\"ImageObject\",\"inLanguage\":\"es\",\"@id\":\"https:\/\/neogrid.com\/es\/politica-de-cookies\/#primaryimage\",\"url\":\"https:\/\/neogrid.com\/es\/wp-content\/uploads\/sites\/3\/2024\/03\/21fce419-640b-6ec8-1021-de496cb3bb7a-1110x581-1.png\",\"contentUrl\":\"https:\/\/neogrid.com\/es\/wp-content\/uploads\/sites\/3\/2024\/03\/21fce419-640b-6ec8-1021-de496cb3bb7a-1110x581-1.png\",\"width\":1110,\"height\":581},{\"@type\":\"BreadcrumbList\",\"@id\":\"https:\/\/neogrid.com\/es\/politica-de-cookies\/#breadcrumb\",\"itemListElement\":[{\"@type\":\"ListItem\",\"position\":1,\"name\":\"In\u00edcio\",\"item\":\"https:\/\/neogrid.com\/es\/\"},{\"@type\":\"ListItem\",\"position\":2,\"name\":\"Pol\u00edtica de Cookies\"}]},{\"@type\":\"WebSite\",\"@id\":\"https:\/\/neogrid.com\/es\/#website\",\"url\":\"https:\/\/neogrid.com\/es\/\",\"name\":\"Neogrid\",\"description\":\"Soluciones integrales para la gesti\u00f3n de su empresa\",\"potentialAction\":[{\"@type\":\"SearchAction\",\"target\":{\"@type\":\"EntryPoint\",\"urlTemplate\":\"https:\/\/neogrid.com\/es\/?s={search_term_string}\"},\"query-input\":{\"@type\":\"PropertyValueSpecification\",\"valueRequired\":true,\"valueName\":\"search_term_string\"}}],\"inLanguage\":\"es\"}]}<\/script>\n<!-- \/ Yoast SEO plugin. -->","yoast_head_json":{"title":"Pol\u00edtica de Cookies - Neogrid","robots":{"index":"index","follow":"follow","max-snippet":"max-snippet:-1","max-image-preview":"max-image-preview:large","max-video-preview":"max-video-preview:-1"},"canonical":"https:\/\/neogrid.com\/es\/politica-de-cookies\/","og_locale":"es_ES","og_type":"article","og_title":"Pol\u00edtica de Cookies - Neogrid","og_description":"\u00bfNeogrid utiliza Cookies? S\u00ed. De acuerdo como se inform\u00f3 en la secci\u00f3n 1.6 de nuestra Pol\u00edtica de Privacidad, utilizamos cookies [&hellip;]","og_url":"https:\/\/neogrid.com\/es\/politica-de-cookies\/","og_site_name":"Neogrid","article_modified_time":"2024-03-27T22:41:47+00:00","og_image":[{"url":"http:\/\/neogrid.com\/es\/wp-content\/uploads\/sites\/3\/2024\/03\/controle_cookies_es.png","type":"","width":"","height":""}],"twitter_card":"summary_large_image","twitter_misc":{"Tiempo de lectura":"2 minutos"},"schema":{"@context":"https:\/\/schema.org","@graph":[{"@type":"WebPage","@id":"https:\/\/neogrid.com\/es\/politica-de-cookies\/","url":"https:\/\/neogrid.com\/es\/politica-de-cookies\/","name":"Pol\u00edtica de Cookies - Neogrid","isPartOf":{"@id":"https:\/\/neogrid.com\/es\/#website"},"primaryImageOfPage":{"@id":"https:\/\/neogrid.com\/es\/politica-de-cookies\/#primaryimage"},"image":{"@id":"https:\/\/neogrid.com\/es\/politica-de-cookies\/#primaryimage"},"thumbnailUrl":"https:\/\/neogrid.com\/es\/wp-content\/uploads\/sites\/3\/2024\/03\/21fce419-640b-6ec8-1021-de496cb3bb7a-1110x581-1.png","datePublished":"2024-03-27T22:41:25+00:00","dateModified":"2024-03-27T22:41:47+00:00","breadcrumb":{"@id":"https:\/\/neogrid.com\/es\/politica-de-cookies\/#breadcrumb"},"inLanguage":"es","potentialAction":[{"@type":"ReadAction","target":["https:\/\/neogrid.com\/es\/politica-de-cookies\/"]}]},{"@type":"ImageObject","inLanguage":"es","@id":"https:\/\/neogrid.com\/es\/politica-de-cookies\/#primaryimage","url":"https:\/\/neogrid.com\/es\/wp-content\/uploads\/sites\/3\/2024\/03\/21fce419-640b-6ec8-1021-de496cb3bb7a-1110x581-1.png","contentUrl":"https:\/\/neogrid.com\/es\/wp-content\/uploads\/sites\/3\/2024\/03\/21fce419-640b-6ec8-1021-de496cb3bb7a-1110x581-1.png","width":1110,"height":581},{"@type":"BreadcrumbList","@id":"https:\/\/neogrid.com\/es\/politica-de-cookies\/#breadcrumb","itemListElement":[{"@type":"ListItem","position":1,"name":"In\u00edcio","item":"https:\/\/neogrid.com\/es\/"},{"@type":"ListItem","position":2,"name":"Pol\u00edtica de Cookies"}]},{"@type":"WebSite","@id":"https:\/\/neogrid.com\/es\/#website","url":"https:\/\/neogrid.com\/es\/","name":"Neogrid","description":"Soluciones integrales para la gesti\u00f3n de su empresa","potentialAction":[{"@type":"SearchAction","target":{"@type":"EntryPoint","urlTemplate":"https:\/\/neogrid.com\/es\/?s={search_term_string}"},"query-input":{"@type":"PropertyValueSpecification","valueRequired":true,"valueName":"search_term_string"}}],"inLanguage":"es"}]}},"_links":{"self":[{"href":"https:\/\/neogrid.com\/es\/wp-json\/wp\/v2\/pages\/592"}],"collection":[{"href":"https:\/\/neogrid.com\/es\/wp-json\/wp\/v2\/pages"}],"about":[{"href":"https:\/\/neogrid.com\/es\/wp-json\/wp\/v2\/types\/page"}],"author":[{"embeddable":true,"href":"https:\/\/neogrid.com\/es\/wp-json\/wp\/v2\/users\/1"}],"replies":[{"embeddable":true,"href":"https:\/\/neogrid.com\/es\/wp-json\/wp\/v2\/comments?post=592"}],"version-history":[{"count":2,"href":"https:\/\/neogrid.com\/es\/wp-json\/wp\/v2\/pages\/592\/revisions"}],"predecessor-version":[{"id":595,"href":"https:\/\/neogrid.com\/es\/wp-json\/wp\/v2\/pages\/592\/revisions\/595"}],"wp:featuredmedia":[{"embeddable":true,"href":"https:\/\/neogrid.com\/es\/wp-json\/wp\/v2\/media\/475"}],"wp:attachment":[{"href":"https:\/\/neogrid.com\/es\/wp-json\/wp\/v2\/media?parent=592"}],"curies":[{"name":"wp","href":"https:\/\/api.w.org\/{rel}","templated":true}]}}