{"id":598,"date":"2024-03-27T23:47:19","date_gmt":"2024-03-27T22:47:19","guid":{"rendered":"https:\/\/neogrid.com\/es\/?page_id=598"},"modified":"2026-03-13T22:09:07","modified_gmt":"2026-03-13T21:09:07","slug":"quiero-una-demo","status":"publish","type":"page","link":"https:\/\/neogrid.com\/es\/quiero-una-demo\/","title":{"rendered":"Quiero una demo"},"content":{"rendered":"\n<p>Hable con un especialista de Neogrid y reciba una demo para descubrir en la pr\u00e1ctica c\u00f3mo ayudamos al comercio y a la industria a vender m\u00e1s.<\/p>\n\n\n\n<div class=\"form-container col-md-12 mb-10\">\n                        <p class=\"text-center sub-title\">Especialista en Neogrid<\/p>\n                        <h4 class=\"text-center f-bold c-black\">Rellene todos los campos de contacto<\/h4>\n                        <script charset=\"utf-8\" type=\"text\/javascript\" src=\"\/\/js.hsforms.net\/forms\/embed\/v2.js\"><\/script>\n<script>\n  hbspt.forms.create({\n    region: \"na1\",\n    portalId: \"39574621\",\n    formId: \"bb526c50-ad5e-491f-bccf-e09e9d0a29d0\"\n  });\n<\/script>\n                    <\/div>\n","protected":false},"excerpt":{"rendered":"<p>Hable con un especialista de Neogrid y reciba una demo para descubrir en la pr\u00e1ctica c\u00f3mo ayudamos al comercio y [&hellip;]<\/p>\n","protected":false},"author":3,"featured_media":475,"parent":0,"menu_order":0,"comment_status":"closed","ping_status":"closed","template":"page-parceiros.php","meta":{"footnotes":""},"acf":[],"yoast_head":"<!-- This site is optimized with the Yoast SEO plugin v24.4 - https:\/\/yoast.com\/wordpress\/plugins\/seo\/ -->\n<title>Quiero una demo - Neogrid<\/title>\n<meta name=\"description\" content=\"Hable con un especialista de Neogrid y reciba una demo para descubrir en la pr\u00e1ctica c\u00f3mo ayudamos al comercio y a la industria a vender m\u00e1s.\" \/>\n<meta name=\"robots\" content=\"index, follow, max-snippet:-1, max-image-preview:large, max-video-preview:-1\" \/>\n<link rel=\"canonical\" href=\"https:\/\/neogrid.com\/es\/quiero-una-demo\/\" \/>\n<meta property=\"og:locale\" content=\"es_ES\" \/>\n<meta property=\"og:type\" content=\"article\" \/>\n<meta property=\"og:title\" content=\"Quiero una demo - Neogrid\" \/>\n<meta property=\"og:description\" content=\"Hable con un especialista de Neogrid y reciba una demo para descubrir en la pr\u00e1ctica c\u00f3mo ayudamos al comercio y a la industria a vender m\u00e1s.\" \/>\n<meta property=\"og:url\" content=\"https:\/\/neogrid.com\/es\/quiero-una-demo\/\" \/>\n<meta property=\"og:site_name\" content=\"Neogrid\" \/>\n<meta property=\"article:modified_time\" content=\"2026-03-13T21:09:07+00:00\" \/>\n<meta name=\"twitter:card\" content=\"summary_large_image\" \/>\n<meta name=\"twitter:label1\" content=\"Tiempo de lectura\" \/>\n\t<meta name=\"twitter:data1\" content=\"1 minuto\" \/>\n<script type=\"application\/ld+json\" class=\"yoast-schema-graph\">{\"@context\":\"https:\/\/schema.org\",\"@graph\":[{\"@type\":\"WebPage\",\"@id\":\"https:\/\/neogrid.com\/es\/quiero-una-demo\/\",\"url\":\"https:\/\/neogrid.com\/es\/quiero-una-demo\/\",\"name\":\"Quiero una demo - Neogrid\",\"isPartOf\":{\"@id\":\"https:\/\/neogrid.com\/es\/#website\"},\"primaryImageOfPage\":{\"@id\":\"https:\/\/neogrid.com\/es\/quiero-una-demo\/#primaryimage\"},\"image\":{\"@id\":\"https:\/\/neogrid.com\/es\/quiero-una-demo\/#primaryimage\"},\"thumbnailUrl\":\"https:\/\/neogrid.com\/es\/wp-content\/uploads\/sites\/3\/2024\/03\/21fce419-640b-6ec8-1021-de496cb3bb7a-1110x581-1.png\",\"datePublished\":\"2024-03-27T22:47:19+00:00\",\"dateModified\":\"2026-03-13T21:09:07+00:00\",\"description\":\"Hable con un especialista de Neogrid y reciba una demo para descubrir en la pr\u00e1ctica c\u00f3mo ayudamos al comercio y a la industria a vender m\u00e1s.\",\"breadcrumb\":{\"@id\":\"https:\/\/neogrid.com\/es\/quiero-una-demo\/#breadcrumb\"},\"inLanguage\":\"es\",\"potentialAction\":[{\"@type\":\"ReadAction\",\"target\":[\"https:\/\/neogrid.com\/es\/quiero-una-demo\/\"]}]},{\"@type\":\"ImageObject\",\"inLanguage\":\"es\",\"@id\":\"https:\/\/neogrid.com\/es\/quiero-una-demo\/#primaryimage\",\"url\":\"https:\/\/neogrid.com\/es\/wp-content\/uploads\/sites\/3\/2024\/03\/21fce419-640b-6ec8-1021-de496cb3bb7a-1110x581-1.png\",\"contentUrl\":\"https:\/\/neogrid.com\/es\/wp-content\/uploads\/sites\/3\/2024\/03\/21fce419-640b-6ec8-1021-de496cb3bb7a-1110x581-1.png\",\"width\":1110,\"height\":581},{\"@type\":\"BreadcrumbList\",\"@id\":\"https:\/\/neogrid.com\/es\/quiero-una-demo\/#breadcrumb\",\"itemListElement\":[{\"@type\":\"ListItem\",\"position\":1,\"name\":\"In\u00edcio\",\"item\":\"https:\/\/neogrid.com\/es\/\"},{\"@type\":\"ListItem\",\"position\":2,\"name\":\"Quiero una demo\"}]},{\"@type\":\"WebSite\",\"@id\":\"https:\/\/neogrid.com\/es\/#website\",\"url\":\"https:\/\/neogrid.com\/es\/\",\"name\":\"Neogrid\",\"description\":\"Soluciones integrales para la gesti\u00f3n de su empresa\",\"potentialAction\":[{\"@type\":\"SearchAction\",\"target\":{\"@type\":\"EntryPoint\",\"urlTemplate\":\"https:\/\/neogrid.com\/es\/?s={search_term_string}\"},\"query-input\":{\"@type\":\"PropertyValueSpecification\",\"valueRequired\":true,\"valueName\":\"search_term_string\"}}],\"inLanguage\":\"es\"}]}<\/script>\n<!-- \/ Yoast SEO plugin. -->","yoast_head_json":{"title":"Quiero una demo - Neogrid","description":"Hable con un especialista de Neogrid y reciba una demo para descubrir en la pr\u00e1ctica c\u00f3mo ayudamos al comercio y a la industria a vender m\u00e1s.","robots":{"index":"index","follow":"follow","max-snippet":"max-snippet:-1","max-image-preview":"max-image-preview:large","max-video-preview":"max-video-preview:-1"},"canonical":"https:\/\/neogrid.com\/es\/quiero-una-demo\/","og_locale":"es_ES","og_type":"article","og_title":"Quiero una demo - Neogrid","og_description":"Hable con un especialista de Neogrid y reciba una demo para descubrir en la pr\u00e1ctica c\u00f3mo ayudamos al comercio y a la industria a vender m\u00e1s.","og_url":"https:\/\/neogrid.com\/es\/quiero-una-demo\/","og_site_name":"Neogrid","article_modified_time":"2026-03-13T21:09:07+00:00","twitter_card":"summary_large_image","twitter_misc":{"Tiempo de lectura":"1 minuto"},"schema":{"@context":"https:\/\/schema.org","@graph":[{"@type":"WebPage","@id":"https:\/\/neogrid.com\/es\/quiero-una-demo\/","url":"https:\/\/neogrid.com\/es\/quiero-una-demo\/","name":"Quiero una demo - Neogrid","isPartOf":{"@id":"https:\/\/neogrid.com\/es\/#website"},"primaryImageOfPage":{"@id":"https:\/\/neogrid.com\/es\/quiero-una-demo\/#primaryimage"},"image":{"@id":"https:\/\/neogrid.com\/es\/quiero-una-demo\/#primaryimage"},"thumbnailUrl":"https:\/\/neogrid.com\/es\/wp-content\/uploads\/sites\/3\/2024\/03\/21fce419-640b-6ec8-1021-de496cb3bb7a-1110x581-1.png","datePublished":"2024-03-27T22:47:19+00:00","dateModified":"2026-03-13T21:09:07+00:00","description":"Hable con un especialista de Neogrid y reciba una demo para descubrir en la pr\u00e1ctica c\u00f3mo ayudamos al comercio y a la industria a vender m\u00e1s.","breadcrumb":{"@id":"https:\/\/neogrid.com\/es\/quiero-una-demo\/#breadcrumb"},"inLanguage":"es","potentialAction":[{"@type":"ReadAction","target":["https:\/\/neogrid.com\/es\/quiero-una-demo\/"]}]},{"@type":"ImageObject","inLanguage":"es","@id":"https:\/\/neogrid.com\/es\/quiero-una-demo\/#primaryimage","url":"https:\/\/neogrid.com\/es\/wp-content\/uploads\/sites\/3\/2024\/03\/21fce419-640b-6ec8-1021-de496cb3bb7a-1110x581-1.png","contentUrl":"https:\/\/neogrid.com\/es\/wp-content\/uploads\/sites\/3\/2024\/03\/21fce419-640b-6ec8-1021-de496cb3bb7a-1110x581-1.png","width":1110,"height":581},{"@type":"BreadcrumbList","@id":"https:\/\/neogrid.com\/es\/quiero-una-demo\/#breadcrumb","itemListElement":[{"@type":"ListItem","position":1,"name":"In\u00edcio","item":"https:\/\/neogrid.com\/es\/"},{"@type":"ListItem","position":2,"name":"Quiero una demo"}]},{"@type":"WebSite","@id":"https:\/\/neogrid.com\/es\/#website","url":"https:\/\/neogrid.com\/es\/","name":"Neogrid","description":"Soluciones integrales para la gesti\u00f3n de su empresa","potentialAction":[{"@type":"SearchAction","target":{"@type":"EntryPoint","urlTemplate":"https:\/\/neogrid.com\/es\/?s={search_term_string}"},"query-input":{"@type":"PropertyValueSpecification","valueRequired":true,"valueName":"search_term_string"}}],"inLanguage":"es"}]}},"_links":{"self":[{"href":"https:\/\/neogrid.com\/es\/wp-json\/wp\/v2\/pages\/598"}],"collection":[{"href":"https:\/\/neogrid.com\/es\/wp-json\/wp\/v2\/pages"}],"about":[{"href":"https:\/\/neogrid.com\/es\/wp-json\/wp\/v2\/types\/page"}],"author":[{"embeddable":true,"href":"https:\/\/neogrid.com\/es\/wp-json\/wp\/v2\/users\/3"}],"replies":[{"embeddable":true,"href":"https:\/\/neogrid.com\/es\/wp-json\/wp\/v2\/comments?post=598"}],"version-history":[{"count":7,"href":"https:\/\/neogrid.com\/es\/wp-json\/wp\/v2\/pages\/598\/revisions"}],"predecessor-version":[{"id":1174,"href":"https:\/\/neogrid.com\/es\/wp-json\/wp\/v2\/pages\/598\/revisions\/1174"}],"wp:featuredmedia":[{"embeddable":true,"href":"https:\/\/neogrid.com\/es\/wp-json\/wp\/v2\/media\/475"}],"wp:attachment":[{"href":"https:\/\/neogrid.com\/es\/wp-json\/wp\/v2\/media?parent=598"}],"curies":[{"name":"wp","href":"https:\/\/api.w.org\/{rel}","templated":true}]}}