{"id":635,"date":"2024-03-28T00:49:46","date_gmt":"2024-03-27T23:49:46","guid":{"rendered":"https:\/\/neogrid.com\/es\/?page_id=635"},"modified":"2026-04-09T22:09:41","modified_gmt":"2026-04-09T20:09:41","slug":"nuestra-historia","status":"publish","type":"page","link":"https:\/\/neogrid.com\/es\/nuestra-historia\/","title":{"rendered":"Datos inteligentes que se transforman en informaci\u00f3n \u00fatil."},"content":{"rendered":"\n<p>Colaboraci\u00f3n para que el comercio minorista y la industria aumenten la recurrencia y la cesta de la compra del consumidor.<\/p>\n\n\n\n<p>Tecnolog\u00eda e inteligencia para vender m\u00e1s, con m\u00e1s margen.<\/p>\n","protected":false},"excerpt":{"rendered":"<p>Colaboraci\u00f3n para que el comercio minorista y la industria aumenten la recurrencia y la cesta de la compra del consumidor. [&hellip;]<\/p>\n","protected":false},"author":1,"featured_media":475,"parent":0,"menu_order":0,"comment_status":"closed","ping_status":"closed","template":"page-about.php","meta":{"footnotes":""},"acf":[],"yoast_head":"<!-- This site is optimized with the Yoast SEO plugin v24.4 - https:\/\/yoast.com\/wordpress\/plugins\/seo\/ -->\n<title>Datos inteligentes que se transforman en informaci\u00f3n \u00fatil. - Neogrid<\/title>\n<meta name=\"robots\" content=\"index, follow, max-snippet:-1, max-image-preview:large, max-video-preview:-1\" \/>\n<link rel=\"canonical\" href=\"https:\/\/neogrid.com\/es\/nuestra-historia\/\" \/>\n<meta property=\"og:locale\" content=\"es_ES\" \/>\n<meta property=\"og:type\" content=\"article\" \/>\n<meta property=\"og:title\" content=\"Datos inteligentes que se transforman en informaci\u00f3n \u00fatil. - Neogrid\" \/>\n<meta property=\"og:description\" content=\"Colaboraci\u00f3n para que el comercio minorista y la industria aumenten la recurrencia y la cesta de la compra del consumidor. [&hellip;]\" \/>\n<meta property=\"og:url\" content=\"https:\/\/neogrid.com\/es\/nuestra-historia\/\" \/>\n<meta property=\"og:site_name\" content=\"Neogrid\" \/>\n<meta property=\"article:modified_time\" content=\"2026-04-09T20:09:41+00:00\" \/>\n<meta name=\"twitter:card\" content=\"summary_large_image\" \/>\n<meta name=\"twitter:label1\" content=\"Tiempo de lectura\" \/>\n\t<meta name=\"twitter:data1\" content=\"1 minuto\" \/>\n<script type=\"application\/ld+json\" class=\"yoast-schema-graph\">{\"@context\":\"https:\/\/schema.org\",\"@graph\":[{\"@type\":\"WebPage\",\"@id\":\"https:\/\/neogrid.com\/es\/nuestra-historia\/\",\"url\":\"https:\/\/neogrid.com\/es\/nuestra-historia\/\",\"name\":\"Datos inteligentes que se transforman en informaci\u00f3n \u00fatil. - Neogrid\",\"isPartOf\":{\"@id\":\"https:\/\/neogrid.com\/es\/#website\"},\"primaryImageOfPage\":{\"@id\":\"https:\/\/neogrid.com\/es\/nuestra-historia\/#primaryimage\"},\"image\":{\"@id\":\"https:\/\/neogrid.com\/es\/nuestra-historia\/#primaryimage\"},\"thumbnailUrl\":\"https:\/\/neogrid.com\/es\/wp-content\/uploads\/sites\/3\/2024\/03\/21fce419-640b-6ec8-1021-de496cb3bb7a-1110x581-1.png\",\"datePublished\":\"2024-03-27T23:49:46+00:00\",\"dateModified\":\"2026-04-09T20:09:41+00:00\",\"breadcrumb\":{\"@id\":\"https:\/\/neogrid.com\/es\/nuestra-historia\/#breadcrumb\"},\"inLanguage\":\"es\",\"potentialAction\":[{\"@type\":\"ReadAction\",\"target\":[\"https:\/\/neogrid.com\/es\/nuestra-historia\/\"]}]},{\"@type\":\"ImageObject\",\"inLanguage\":\"es\",\"@id\":\"https:\/\/neogrid.com\/es\/nuestra-historia\/#primaryimage\",\"url\":\"https:\/\/neogrid.com\/es\/wp-content\/uploads\/sites\/3\/2024\/03\/21fce419-640b-6ec8-1021-de496cb3bb7a-1110x581-1.png\",\"contentUrl\":\"https:\/\/neogrid.com\/es\/wp-content\/uploads\/sites\/3\/2024\/03\/21fce419-640b-6ec8-1021-de496cb3bb7a-1110x581-1.png\",\"width\":1110,\"height\":581},{\"@type\":\"BreadcrumbList\",\"@id\":\"https:\/\/neogrid.com\/es\/nuestra-historia\/#breadcrumb\",\"itemListElement\":[{\"@type\":\"ListItem\",\"position\":1,\"name\":\"In\u00edcio\",\"item\":\"https:\/\/neogrid.com\/es\/\"},{\"@type\":\"ListItem\",\"position\":2,\"name\":\"Datos inteligentes que se transforman en informaci\u00f3n \u00fatil.\"}]},{\"@type\":\"WebSite\",\"@id\":\"https:\/\/neogrid.com\/es\/#website\",\"url\":\"https:\/\/neogrid.com\/es\/\",\"name\":\"Neogrid\",\"description\":\"Soluciones integrales para la gesti\u00f3n de su empresa\",\"potentialAction\":[{\"@type\":\"SearchAction\",\"target\":{\"@type\":\"EntryPoint\",\"urlTemplate\":\"https:\/\/neogrid.com\/es\/?s={search_term_string}\"},\"query-input\":{\"@type\":\"PropertyValueSpecification\",\"valueRequired\":true,\"valueName\":\"search_term_string\"}}],\"inLanguage\":\"es\"}]}<\/script>\n<!-- \/ Yoast SEO plugin. -->","yoast_head_json":{"title":"Datos inteligentes que se transforman en informaci\u00f3n \u00fatil. - Neogrid","robots":{"index":"index","follow":"follow","max-snippet":"max-snippet:-1","max-image-preview":"max-image-preview:large","max-video-preview":"max-video-preview:-1"},"canonical":"https:\/\/neogrid.com\/es\/nuestra-historia\/","og_locale":"es_ES","og_type":"article","og_title":"Datos inteligentes que se transforman en informaci\u00f3n \u00fatil. - Neogrid","og_description":"Colaboraci\u00f3n para que el comercio minorista y la industria aumenten la recurrencia y la cesta de la compra del consumidor. [&hellip;]","og_url":"https:\/\/neogrid.com\/es\/nuestra-historia\/","og_site_name":"Neogrid","article_modified_time":"2026-04-09T20:09:41+00:00","twitter_card":"summary_large_image","twitter_misc":{"Tiempo de lectura":"1 minuto"},"schema":{"@context":"https:\/\/schema.org","@graph":[{"@type":"WebPage","@id":"https:\/\/neogrid.com\/es\/nuestra-historia\/","url":"https:\/\/neogrid.com\/es\/nuestra-historia\/","name":"Datos inteligentes que se transforman en informaci\u00f3n \u00fatil. - Neogrid","isPartOf":{"@id":"https:\/\/neogrid.com\/es\/#website"},"primaryImageOfPage":{"@id":"https:\/\/neogrid.com\/es\/nuestra-historia\/#primaryimage"},"image":{"@id":"https:\/\/neogrid.com\/es\/nuestra-historia\/#primaryimage"},"thumbnailUrl":"https:\/\/neogrid.com\/es\/wp-content\/uploads\/sites\/3\/2024\/03\/21fce419-640b-6ec8-1021-de496cb3bb7a-1110x581-1.png","datePublished":"2024-03-27T23:49:46+00:00","dateModified":"2026-04-09T20:09:41+00:00","breadcrumb":{"@id":"https:\/\/neogrid.com\/es\/nuestra-historia\/#breadcrumb"},"inLanguage":"es","potentialAction":[{"@type":"ReadAction","target":["https:\/\/neogrid.com\/es\/nuestra-historia\/"]}]},{"@type":"ImageObject","inLanguage":"es","@id":"https:\/\/neogrid.com\/es\/nuestra-historia\/#primaryimage","url":"https:\/\/neogrid.com\/es\/wp-content\/uploads\/sites\/3\/2024\/03\/21fce419-640b-6ec8-1021-de496cb3bb7a-1110x581-1.png","contentUrl":"https:\/\/neogrid.com\/es\/wp-content\/uploads\/sites\/3\/2024\/03\/21fce419-640b-6ec8-1021-de496cb3bb7a-1110x581-1.png","width":1110,"height":581},{"@type":"BreadcrumbList","@id":"https:\/\/neogrid.com\/es\/nuestra-historia\/#breadcrumb","itemListElement":[{"@type":"ListItem","position":1,"name":"In\u00edcio","item":"https:\/\/neogrid.com\/es\/"},{"@type":"ListItem","position":2,"name":"Datos inteligentes que se transforman en informaci\u00f3n \u00fatil."}]},{"@type":"WebSite","@id":"https:\/\/neogrid.com\/es\/#website","url":"https:\/\/neogrid.com\/es\/","name":"Neogrid","description":"Soluciones integrales para la gesti\u00f3n de su empresa","potentialAction":[{"@type":"SearchAction","target":{"@type":"EntryPoint","urlTemplate":"https:\/\/neogrid.com\/es\/?s={search_term_string}"},"query-input":{"@type":"PropertyValueSpecification","valueRequired":true,"valueName":"search_term_string"}}],"inLanguage":"es"}]}},"_links":{"self":[{"href":"https:\/\/neogrid.com\/es\/wp-json\/wp\/v2\/pages\/635"}],"collection":[{"href":"https:\/\/neogrid.com\/es\/wp-json\/wp\/v2\/pages"}],"about":[{"href":"https:\/\/neogrid.com\/es\/wp-json\/wp\/v2\/types\/page"}],"author":[{"embeddable":true,"href":"https:\/\/neogrid.com\/es\/wp-json\/wp\/v2\/users\/1"}],"replies":[{"embeddable":true,"href":"https:\/\/neogrid.com\/es\/wp-json\/wp\/v2\/comments?post=635"}],"version-history":[{"count":9,"href":"https:\/\/neogrid.com\/es\/wp-json\/wp\/v2\/pages\/635\/revisions"}],"predecessor-version":[{"id":1176,"href":"https:\/\/neogrid.com\/es\/wp-json\/wp\/v2\/pages\/635\/revisions\/1176"}],"wp:featuredmedia":[{"embeddable":true,"href":"https:\/\/neogrid.com\/es\/wp-json\/wp\/v2\/media\/475"}],"wp:attachment":[{"href":"https:\/\/neogrid.com\/es\/wp-json\/wp\/v2\/media?parent=635"}],"curies":[{"name":"wp","href":"https:\/\/api.w.org\/{rel}","templated":true}]}}