{"id":997,"date":"2024-05-27T20:51:09","date_gmt":"2024-05-27T18:51:09","guid":{"rendered":"https:\/\/neogrid.com\/es\/?page_id=997"},"modified":"2024-05-27T20:51:09","modified_gmt":"2024-05-27T18:51:09","slug":"strategic-sourcing-minorista","status":"publish","type":"page","link":"https:\/\/neogrid.com\/es\/strategic-sourcing-minorista\/","title":{"rendered":"Strategic Sourcing\u00a0&#8211; Varejo"},"content":{"rendered":"","protected":false},"excerpt":{"rendered":"","protected":false},"author":3,"featured_media":475,"parent":0,"menu_order":0,"comment_status":"closed","ping_status":"closed","template":"page-produtos.php","meta":{"footnotes":""},"class_list":["post-997","page","type-page","status-publish","has-post-thumbnail","hentry"],"acf":[],"yoast_head":"<!-- This site is optimized with the Yoast SEO plugin v27.6 - https:\/\/yoast.com\/product\/yoast-seo-wordpress\/ -->\n<title>Strategic Sourcing - Minorista<\/title>\n<meta name=\"description\" content=\"Soluci\u00f3n para gesti\u00f3n de negociaciones con proveedores (RFX y subastas) con base en las mejores pr\u00e1cticas de mercado, generando eficiencia operacional y reducci\u00f3n de costos.\" \/>\n<meta name=\"robots\" content=\"index, follow, max-snippet:-1, max-image-preview:large, max-video-preview:-1\" \/>\n<link rel=\"canonical\" href=\"https:\/\/neogrid.com\/es\/strategic-sourcing-minorista\/\" \/>\n<meta property=\"og:locale\" content=\"es_ES\" \/>\n<meta property=\"og:type\" content=\"article\" \/>\n<meta property=\"og:title\" content=\"Strategic Sourcing - Minorista\" \/>\n<meta property=\"og:description\" content=\"Soluci\u00f3n para gesti\u00f3n de negociaciones con proveedores (RFX y subastas) con base en las mejores pr\u00e1cticas de mercado, generando eficiencia operacional y reducci\u00f3n de costos.\" \/>\n<meta property=\"og:url\" content=\"https:\/\/neogrid.com\/es\/strategic-sourcing-minorista\/\" \/>\n<meta property=\"og:site_name\" content=\"Neogrid\" \/>\n<meta name=\"twitter:card\" content=\"summary_large_image\" \/>\n<script type=\"application\/ld+json\" class=\"yoast-schema-graph\">{\"@context\":\"https:\\\/\\\/schema.org\",\"@graph\":[{\"@type\":\"WebPage\",\"@id\":\"https:\\\/\\\/neogrid.com\\\/es\\\/strategic-sourcing-minorista\\\/\",\"url\":\"https:\\\/\\\/neogrid.com\\\/es\\\/strategic-sourcing-minorista\\\/\",\"name\":\"Strategic Sourcing - Minorista\",\"isPartOf\":{\"@id\":\"https:\\\/\\\/neogrid.com\\\/es\\\/#website\"},\"primaryImageOfPage\":{\"@id\":\"https:\\\/\\\/neogrid.com\\\/es\\\/strategic-sourcing-minorista\\\/#primaryimage\"},\"image\":{\"@id\":\"https:\\\/\\\/neogrid.com\\\/es\\\/strategic-sourcing-minorista\\\/#primaryimage\"},\"thumbnailUrl\":\"https:\\\/\\\/neogrid.com\\\/es\\\/wp-content\\\/uploads\\\/sites\\\/3\\\/2024\\\/03\\\/21fce419-640b-6ec8-1021-de496cb3bb7a-1110x581-1.png\",\"datePublished\":\"2024-05-27T18:51:09+00:00\",\"description\":\"Soluci\u00f3n para gesti\u00f3n de negociaciones con proveedores (RFX y subastas) con base en las mejores pr\u00e1cticas de mercado, generando eficiencia operacional y reducci\u00f3n de costos.\",\"breadcrumb\":{\"@id\":\"https:\\\/\\\/neogrid.com\\\/es\\\/strategic-sourcing-minorista\\\/#breadcrumb\"},\"inLanguage\":\"es\",\"potentialAction\":[{\"@type\":\"ReadAction\",\"target\":[\"https:\\\/\\\/neogrid.com\\\/es\\\/strategic-sourcing-minorista\\\/\"]}]},{\"@type\":\"ImageObject\",\"inLanguage\":\"es\",\"@id\":\"https:\\\/\\\/neogrid.com\\\/es\\\/strategic-sourcing-minorista\\\/#primaryimage\",\"url\":\"https:\\\/\\\/neogrid.com\\\/es\\\/wp-content\\\/uploads\\\/sites\\\/3\\\/2024\\\/03\\\/21fce419-640b-6ec8-1021-de496cb3bb7a-1110x581-1.png\",\"contentUrl\":\"https:\\\/\\\/neogrid.com\\\/es\\\/wp-content\\\/uploads\\\/sites\\\/3\\\/2024\\\/03\\\/21fce419-640b-6ec8-1021-de496cb3bb7a-1110x581-1.png\",\"width\":1110,\"height\":581},{\"@type\":\"BreadcrumbList\",\"@id\":\"https:\\\/\\\/neogrid.com\\\/es\\\/strategic-sourcing-minorista\\\/#breadcrumb\",\"itemListElement\":[{\"@type\":\"ListItem\",\"position\":1,\"name\":\"In\u00edcio\",\"item\":\"https:\\\/\\\/neogrid.com\\\/es\\\/\"},{\"@type\":\"ListItem\",\"position\":2,\"name\":\"Strategic Sourcing\u00a0&#8211; Varejo\"}]},{\"@type\":\"WebSite\",\"@id\":\"https:\\\/\\\/neogrid.com\\\/es\\\/#website\",\"url\":\"https:\\\/\\\/neogrid.com\\\/es\\\/\",\"name\":\"Neogrid\",\"description\":\"Soluciones integrales para la gesti\u00f3n de su empresa\",\"potentialAction\":[{\"@type\":\"SearchAction\",\"target\":{\"@type\":\"EntryPoint\",\"urlTemplate\":\"https:\\\/\\\/neogrid.com\\\/es\\\/?s={search_term_string}\"},\"query-input\":{\"@type\":\"PropertyValueSpecification\",\"valueRequired\":true,\"valueName\":\"search_term_string\"}}],\"inLanguage\":\"es\"}]}<\/script>\n<!-- \/ Yoast SEO plugin. -->","yoast_head_json":{"title":"Strategic Sourcing - Minorista","description":"Soluci\u00f3n para gesti\u00f3n de negociaciones con proveedores (RFX y subastas) con base en las mejores pr\u00e1cticas de mercado, generando eficiencia operacional y reducci\u00f3n de costos.","robots":{"index":"index","follow":"follow","max-snippet":"max-snippet:-1","max-image-preview":"max-image-preview:large","max-video-preview":"max-video-preview:-1"},"canonical":"https:\/\/neogrid.com\/es\/strategic-sourcing-minorista\/","og_locale":"es_ES","og_type":"article","og_title":"Strategic Sourcing - Minorista","og_description":"Soluci\u00f3n para gesti\u00f3n de negociaciones con proveedores (RFX y subastas) con base en las mejores pr\u00e1cticas de mercado, generando eficiencia operacional y reducci\u00f3n de costos.","og_url":"https:\/\/neogrid.com\/es\/strategic-sourcing-minorista\/","og_site_name":"Neogrid","twitter_card":"summary_large_image","schema":{"@context":"https:\/\/schema.org","@graph":[{"@type":"WebPage","@id":"https:\/\/neogrid.com\/es\/strategic-sourcing-minorista\/","url":"https:\/\/neogrid.com\/es\/strategic-sourcing-minorista\/","name":"Strategic Sourcing - Minorista","isPartOf":{"@id":"https:\/\/neogrid.com\/es\/#website"},"primaryImageOfPage":{"@id":"https:\/\/neogrid.com\/es\/strategic-sourcing-minorista\/#primaryimage"},"image":{"@id":"https:\/\/neogrid.com\/es\/strategic-sourcing-minorista\/#primaryimage"},"thumbnailUrl":"https:\/\/neogrid.com\/es\/wp-content\/uploads\/sites\/3\/2024\/03\/21fce419-640b-6ec8-1021-de496cb3bb7a-1110x581-1.png","datePublished":"2024-05-27T18:51:09+00:00","description":"Soluci\u00f3n para gesti\u00f3n de negociaciones con proveedores (RFX y subastas) con base en las mejores pr\u00e1cticas de mercado, generando eficiencia operacional y reducci\u00f3n de costos.","breadcrumb":{"@id":"https:\/\/neogrid.com\/es\/strategic-sourcing-minorista\/#breadcrumb"},"inLanguage":"es","potentialAction":[{"@type":"ReadAction","target":["https:\/\/neogrid.com\/es\/strategic-sourcing-minorista\/"]}]},{"@type":"ImageObject","inLanguage":"es","@id":"https:\/\/neogrid.com\/es\/strategic-sourcing-minorista\/#primaryimage","url":"https:\/\/neogrid.com\/es\/wp-content\/uploads\/sites\/3\/2024\/03\/21fce419-640b-6ec8-1021-de496cb3bb7a-1110x581-1.png","contentUrl":"https:\/\/neogrid.com\/es\/wp-content\/uploads\/sites\/3\/2024\/03\/21fce419-640b-6ec8-1021-de496cb3bb7a-1110x581-1.png","width":1110,"height":581},{"@type":"BreadcrumbList","@id":"https:\/\/neogrid.com\/es\/strategic-sourcing-minorista\/#breadcrumb","itemListElement":[{"@type":"ListItem","position":1,"name":"In\u00edcio","item":"https:\/\/neogrid.com\/es\/"},{"@type":"ListItem","position":2,"name":"Strategic Sourcing\u00a0&#8211; Varejo"}]},{"@type":"WebSite","@id":"https:\/\/neogrid.com\/es\/#website","url":"https:\/\/neogrid.com\/es\/","name":"Neogrid","description":"Soluciones integrales para la gesti\u00f3n de su empresa","potentialAction":[{"@type":"SearchAction","target":{"@type":"EntryPoint","urlTemplate":"https:\/\/neogrid.com\/es\/?s={search_term_string}"},"query-input":{"@type":"PropertyValueSpecification","valueRequired":true,"valueName":"search_term_string"}}],"inLanguage":"es"}]}},"_links":{"self":[{"href":"https:\/\/neogrid.com\/es\/wp-json\/wp\/v2\/pages\/997","targetHints":{"allow":["GET"]}}],"collection":[{"href":"https:\/\/neogrid.com\/es\/wp-json\/wp\/v2\/pages"}],"about":[{"href":"https:\/\/neogrid.com\/es\/wp-json\/wp\/v2\/types\/page"}],"author":[{"embeddable":true,"href":"https:\/\/neogrid.com\/es\/wp-json\/wp\/v2\/users\/3"}],"replies":[{"embeddable":true,"href":"https:\/\/neogrid.com\/es\/wp-json\/wp\/v2\/comments?post=997"}],"version-history":[{"count":1,"href":"https:\/\/neogrid.com\/es\/wp-json\/wp\/v2\/pages\/997\/revisions"}],"predecessor-version":[{"id":1000,"href":"https:\/\/neogrid.com\/es\/wp-json\/wp\/v2\/pages\/997\/revisions\/1000"}],"wp:featuredmedia":[{"embeddable":true,"href":"https:\/\/neogrid.com\/es\/wp-json\/wp\/v2\/media\/475"}],"wp:attachment":[{"href":"https:\/\/neogrid.com\/es\/wp-json\/wp\/v2\/media?parent=997"}],"curies":[{"name":"wp","href":"https:\/\/api.w.org\/{rel}","templated":true}]}}